{"id":8,"date":"2025-11-01T18:43:51","date_gmt":"2025-11-01T18:43:51","guid":{"rendered":"https:\/\/edv.sago-media.de\/?page_id=8"},"modified":"2025-11-02T08:09:44","modified_gmt":"2025-11-02T08:09:44","slug":"impressum","status":"publish","type":"page","link":"https:\/\/edv.sago-media.de\/index.php\/impressum\/","title":{"rendered":"Impressum"},"content":{"rendered":"<h2><strong>Das Impressum der SaGo Media UG:<\/strong><\/h2>\n<p>SaGo Media UG haftungsbeschr\u00e4nkt<\/p>\n<p>Am Feldbrand 19<\/p>\n<p>44532 L\u00fcnen<\/p>\n<p>Telefon: 023 06-849 6772, Mail: info (at) sago-media.de<\/p>\n<p>Gesch\u00e4ftsf\u00fchrer: Sascha Gottwald<\/p>\n<p>AG Dortmund HRB 26188<\/p>\n<p>Umsatzsteuerid: DE292517486<\/p>\n<p>&nbsp;<\/p>\n<p><strong>Haftungshinweis<\/strong><\/p>\n<p><strong>Trotz sorgf\u00e4ltiger inhaltlicher Kontrolle \u00fcbernehmen wir keine Haftung f\u00fcr die Inhalte externer Links. F\u00fcr den Inhalt der verlinkten Seiten sind ausschlie\u00dflich deren Betreiber verantwortlich.<\/strong><\/p>\n<p>Alle Rechte vorbehalten. Der Inhalt dieser Seite dient exklusiv Ihrer pers\u00f6nlichen Information. Der Inhalt dieser Website darf nicht\u00a0 kopiert, verbreitet, ver\u00e4ndert oder Dritten zug\u00e4nglich gemacht werden. Einige Referenzen enthalten au\u00dferdem Bilder, die dem Copyright Dritter unterliegen. Wir distanzieren uns ausdr\u00fccklich von allen Inhalten aller gelinkten Seiten und machen uns diese Inhalte nicht zu eigen. Diese Erkl\u00e4rung gilt f\u00fcr alle auf dieser Website angebrachten Links.<\/p>\n<p><strong>Disclaimer<\/strong><\/p>\n<p>Bei direkten oder indirekten Verweisen auf fremde Webseiten (\u201eHyperlinks\u201c), die au\u00dferhalb des Verantwortungsbereiches des Autors liegen, w\u00fcrde eine Haftungsverpflichtung ausschlie\u00dflich in dem Fall in Kraft treten, in dem der Autor von den Inhalten Kenntnis hat und es ihm technisch m\u00f6glich und zumutbar w\u00e4re, die Nutzung im Falle rechtswidriger Inhalte zu verhindern. Der Autor erkl\u00e4rt hiermit ausdr\u00fccklich, dass zum Zeitpunkt der Linksetzung keine illegalen Inhalte auf den zu verlinkenden Seiten erkennbar waren. Auf die aktuelle und zuk\u00fcnftige Gestaltung, die Inhalte oder die Urheberschaft der verlinkten\/verkn\u00fcpften Seiten hat der Autor keinerlei Einfluss. Deshalb distanziert er sich hiermit ausdr\u00fccklich von allen Inhalten aller verlinkten \/verkn\u00fcpften Seiten, die nach der Linksetzung ver\u00e4ndert wurden. Diese Feststellung gilt f\u00fcr alle innerhalb des eigenen Internetangebotes gesetzten Links und Verweise sowie f\u00fcr Fremdeintr\u00e4ge in vom Autor eingerichteten G\u00e4steb\u00fcchern, Diskussionsforen, Linkverzeichnissen, Mailinglisten und in allen anderen Formen von Datenbanken, auf deren Inhalt externe Schreibzugriffe m\u00f6glich sind. F\u00fcr illegale, fehlerhafte oder unvollst\u00e4ndige Inhalte und insbesondere f\u00fcr Sch\u00e4den, die aus der Nutzung oder Nichtnutzung solcherart dargebotener Informationen entstehen, haftet allein der Anbieter der Seite, auf welche verwiesen wurde, nicht derjenige, der \u00fcber Links auf die jeweilige Ver\u00f6ffentlichung lediglich verweist.<\/p>\n<p><strong>Online-Streitbeilegung \/ OS-Plattform<\/strong><\/p>\n<p>Die Europ\u00e4ische Kommission stellt nach der Verordnung (EU) Nr. 524\/2013 \u00fcber eine interaktive Website, auf die in allen Amtssprachen der Organe der Europ\u00e4ischen Union elektronisch zugegriffen werden kann, eine Europ\u00e4ische Plattform zur Beilegung von Streitigkeiten zwischen in der Europ\u00e4ischen Union wohnhaften Verbrauchern und in der Europ\u00e4ischen Union niedergelassenen Unternehmern zur Verf\u00fcgung, die sich aus dem Online-Verkauf von Waren oder der Online-Erbringung von Dienstleistungen ergeben (sog. OS-Plattform \/ URL: http:\/\/ec.europa.eu\/odr). Um eine Beschwerde auf dieser sog. OS-Plattform einzureichen, haben Verbraucher ein elektronisches Beschwerdeformular auszuf\u00fcllen. Die einzelnen Informationen, die beim Einreichen einer Beschwerde obligatorisch anzugeben sind, werden im Anhang der Verordnung (EU) Nr. 524\/2013 aufgef\u00fchrt<\/p>\n","protected":false},"excerpt":{"rendered":"<p>Das Impressum der SaGo Media UG: SaGo Media UG haftungsbeschr\u00e4nkt Am Feldbrand 19 44532 L\u00fcnen Telefon: 023 06-849 6772, Mail: info (at) sago-media.de Gesch\u00e4ftsf\u00fchrer: Sascha Gottwald AG Dortmund HRB 26188 Umsatzsteuerid: DE292517486 &nbsp; Haftungshinweis Trotz sorgf\u00e4ltiger inhaltlicher Kontrolle \u00fcbernehmen wir keine Haftung f\u00fcr die Inhalte externer Links. F\u00fcr den Inhalt der verlinkten Seiten sind ausschlie\u00dflich [&hellip;]<\/p>\n","protected":false},"author":1,"featured_media":0,"parent":0,"menu_order":0,"comment_status":"closed","ping_status":"closed","template":"","meta":{"footnotes":""},"class_list":["post-8","page","type-page","status-publish","hentry"],"yoast_head":"<!-- This site is optimized with the Yoast SEO plugin v27.4 - https:\/\/yoast.com\/product\/yoast-seo-wordpress\/ -->\n<title>Impressum - EDV SaGo Media<\/title>\n<meta name=\"robots\" content=\"index, follow, max-snippet:-1, max-image-preview:large, max-video-preview:-1\" \/>\n<link rel=\"canonical\" href=\"https:\/\/edv.sago-media.de\/index.php\/impressum\/\" \/>\n<meta property=\"og:locale\" content=\"de_DE\" \/>\n<meta property=\"og:type\" content=\"article\" \/>\n<meta property=\"og:title\" content=\"Impressum - EDV SaGo Media\" \/>\n<meta property=\"og:description\" content=\"Das Impressum der SaGo Media UG: SaGo Media UG haftungsbeschr\u00e4nkt Am Feldbrand 19 44532 L\u00fcnen Telefon: 023 06-849 6772, Mail: info (at) sago-media.de Gesch\u00e4ftsf\u00fchrer: Sascha Gottwald AG Dortmund HRB 26188 Umsatzsteuerid: DE292517486 &nbsp; Haftungshinweis Trotz sorgf\u00e4ltiger inhaltlicher Kontrolle \u00fcbernehmen wir keine Haftung f\u00fcr die Inhalte externer Links. F\u00fcr den Inhalt der verlinkten Seiten sind ausschlie\u00dflich [&hellip;]\" \/>\n<meta property=\"og:url\" content=\"https:\/\/edv.sago-media.de\/index.php\/impressum\/\" \/>\n<meta property=\"og:site_name\" content=\"EDV SaGo Media\" \/>\n<meta property=\"article:modified_time\" content=\"2025-11-02T08:09:44+00:00\" \/>\n<meta name=\"twitter:card\" content=\"summary_large_image\" \/>\n<meta name=\"twitter:label1\" content=\"Gesch\u00e4tzte Lesezeit\" \/>\n\t<meta name=\"twitter:data1\" content=\"3\u00a0Minuten\" \/>\n<script type=\"application\/ld+json\" class=\"yoast-schema-graph\">{\"@context\":\"https:\\\/\\\/schema.org\",\"@graph\":[{\"@type\":\"WebPage\",\"@id\":\"https:\\\/\\\/edv.sago-media.de\\\/index.php\\\/impressum\\\/\",\"url\":\"https:\\\/\\\/edv.sago-media.de\\\/index.php\\\/impressum\\\/\",\"name\":\"Impressum - EDV SaGo Media\",\"isPartOf\":{\"@id\":\"https:\\\/\\\/edv.sago-media.de\\\/#website\"},\"datePublished\":\"2025-11-01T18:43:51+00:00\",\"dateModified\":\"2025-11-02T08:09:44+00:00\",\"breadcrumb\":{\"@id\":\"https:\\\/\\\/edv.sago-media.de\\\/index.php\\\/impressum\\\/#breadcrumb\"},\"inLanguage\":\"de\",\"potentialAction\":[{\"@type\":\"ReadAction\",\"target\":[\"https:\\\/\\\/edv.sago-media.de\\\/index.php\\\/impressum\\\/\"]}]},{\"@type\":\"BreadcrumbList\",\"@id\":\"https:\\\/\\\/edv.sago-media.de\\\/index.php\\\/impressum\\\/#breadcrumb\",\"itemListElement\":[{\"@type\":\"ListItem\",\"position\":1,\"name\":\"Startseite\",\"item\":\"https:\\\/\\\/edv.sago-media.de\\\/\"},{\"@type\":\"ListItem\",\"position\":2,\"name\":\"Impressum\"}]},{\"@type\":\"WebSite\",\"@id\":\"https:\\\/\\\/edv.sago-media.de\\\/#website\",\"url\":\"https:\\\/\\\/edv.sago-media.de\\\/\",\"name\":\"EDV SaGo Media\",\"description\":\"\",\"potentialAction\":[{\"@type\":\"SearchAction\",\"target\":{\"@type\":\"EntryPoint\",\"urlTemplate\":\"https:\\\/\\\/edv.sago-media.de\\\/?s={search_term_string}\"},\"query-input\":{\"@type\":\"PropertyValueSpecification\",\"valueRequired\":true,\"valueName\":\"search_term_string\"}}],\"inLanguage\":\"de\"}]}<\/script>\n<!-- \/ Yoast SEO plugin. -->","yoast_head_json":{"title":"Impressum - EDV SaGo Media","robots":{"index":"index","follow":"follow","max-snippet":"max-snippet:-1","max-image-preview":"max-image-preview:large","max-video-preview":"max-video-preview:-1"},"canonical":"https:\/\/edv.sago-media.de\/index.php\/impressum\/","og_locale":"de_DE","og_type":"article","og_title":"Impressum - EDV SaGo Media","og_description":"Das Impressum der SaGo Media UG: SaGo Media UG haftungsbeschr\u00e4nkt Am Feldbrand 19 44532 L\u00fcnen Telefon: 023 06-849 6772, Mail: info (at) sago-media.de Gesch\u00e4ftsf\u00fchrer: Sascha Gottwald AG Dortmund HRB 26188 Umsatzsteuerid: DE292517486 &nbsp; Haftungshinweis Trotz sorgf\u00e4ltiger inhaltlicher Kontrolle \u00fcbernehmen wir keine Haftung f\u00fcr die Inhalte externer Links. F\u00fcr den Inhalt der verlinkten Seiten sind ausschlie\u00dflich [&hellip;]","og_url":"https:\/\/edv.sago-media.de\/index.php\/impressum\/","og_site_name":"EDV SaGo Media","article_modified_time":"2025-11-02T08:09:44+00:00","twitter_card":"summary_large_image","twitter_misc":{"Gesch\u00e4tzte Lesezeit":"3\u00a0Minuten"},"schema":{"@context":"https:\/\/schema.org","@graph":[{"@type":"WebPage","@id":"https:\/\/edv.sago-media.de\/index.php\/impressum\/","url":"https:\/\/edv.sago-media.de\/index.php\/impressum\/","name":"Impressum - EDV SaGo Media","isPartOf":{"@id":"https:\/\/edv.sago-media.de\/#website"},"datePublished":"2025-11-01T18:43:51+00:00","dateModified":"2025-11-02T08:09:44+00:00","breadcrumb":{"@id":"https:\/\/edv.sago-media.de\/index.php\/impressum\/#breadcrumb"},"inLanguage":"de","potentialAction":[{"@type":"ReadAction","target":["https:\/\/edv.sago-media.de\/index.php\/impressum\/"]}]},{"@type":"BreadcrumbList","@id":"https:\/\/edv.sago-media.de\/index.php\/impressum\/#breadcrumb","itemListElement":[{"@type":"ListItem","position":1,"name":"Startseite","item":"https:\/\/edv.sago-media.de\/"},{"@type":"ListItem","position":2,"name":"Impressum"}]},{"@type":"WebSite","@id":"https:\/\/edv.sago-media.de\/#website","url":"https:\/\/edv.sago-media.de\/","name":"EDV SaGo Media","description":"","potentialAction":[{"@type":"SearchAction","target":{"@type":"EntryPoint","urlTemplate":"https:\/\/edv.sago-media.de\/?s={search_term_string}"},"query-input":{"@type":"PropertyValueSpecification","valueRequired":true,"valueName":"search_term_string"}}],"inLanguage":"de"}]}},"jetpack_sharing_enabled":true,"_links":{"self":[{"href":"https:\/\/edv.sago-media.de\/index.php\/wp-json\/wp\/v2\/pages\/8","targetHints":{"allow":["GET"]}}],"collection":[{"href":"https:\/\/edv.sago-media.de\/index.php\/wp-json\/wp\/v2\/pages"}],"about":[{"href":"https:\/\/edv.sago-media.de\/index.php\/wp-json\/wp\/v2\/types\/page"}],"author":[{"embeddable":true,"href":"https:\/\/edv.sago-media.de\/index.php\/wp-json\/wp\/v2\/users\/1"}],"replies":[{"embeddable":true,"href":"https:\/\/edv.sago-media.de\/index.php\/wp-json\/wp\/v2\/comments?post=8"}],"version-history":[{"count":0,"href":"https:\/\/edv.sago-media.de\/index.php\/wp-json\/wp\/v2\/pages\/8\/revisions"}],"wp:attachment":[{"href":"https:\/\/edv.sago-media.de\/index.php\/wp-json\/wp\/v2\/media?parent=8"}],"curies":[{"name":"wp","href":"https:\/\/api.w.org\/{rel}","templated":true}]}}