{"id":30,"date":"2025-11-01T18:48:35","date_gmt":"2025-11-01T18:48:35","guid":{"rendered":"https:\/\/edv.sago-media.de\/?page_id=30"},"modified":"2025-11-07T14:03:10","modified_gmt":"2025-11-07T14:03:10","slug":"support-und-schulung","status":"publish","type":"page","link":"https:\/\/edv.sago-media.de\/index.php\/support-und-schulung\/","title":{"rendered":"Support und Schulung"},"content":{"rendered":"<h2 data-start=\"386\" data-end=\"446\">\ud83e\udde9 <strong data-start=\"392\" data-end=\"446\">Support &amp; Schulung<\/strong><\/h2>\n<p data-start=\"476\" data-end=\"554\"><strong data-start=\"476\" data-end=\"554\">EDV Support &amp; Schulung \u2013 Professionelle Hilfe und praxisnahe Weiterbildung<\/strong><\/p>\n<p data-start=\"583\" data-end=\"865\">IT-Systeme sollen zuverl\u00e4ssig funktionieren \u2013 und Sie sollen sicher damit arbeiten k\u00f6nnen. Unser <strong data-start=\"680\" data-end=\"716\">EDV-Support und Schulungsangebot<\/strong> unterst\u00fctzt Unternehmen und Privatkunden dabei, Technik effizient einzusetzen, Probleme schnell zu l\u00f6sen und digitales Wissen nachhaltig zu st\u00e4rken.<\/p>\n<h3 data-start=\"872\" data-end=\"906\"><strong data-start=\"876\" data-end=\"904\">IT- und EDV-Support<\/strong><\/h3>\n<p data-start=\"907\" data-end=\"1066\">Ob Computer, Server, Netzwerk oder Software \u2013 unser <strong data-start=\"959\" data-end=\"982\">technischer Support<\/strong> steht Ihnen bei allen Fragen rund um Ihre IT-Infrastruktur zur Seite.<br data-start=\"1052\" data-end=\"1055\" \/>Wir bieten:<\/p>\n<ul>\n<li data-start=\"1070\" data-end=\"1148\"><strong data-start=\"1070\" data-end=\"1115\">Schnelle Fehlerdiagnose und Probleml\u00f6sung<\/strong> \u2013 vor Ort oder per Fernwartung<\/li>\n<li data-start=\"1151\" data-end=\"1211\"><strong data-start=\"1151\" data-end=\"1180\">Systemwartung und Updates<\/strong> f\u00fcr Windows<\/li>\n<li data-start=\"1214\" data-end=\"1279\"><strong data-start=\"1214\" data-end=\"1249\">Netzwerk- und Sicherheitschecks<\/strong> zur Stabilisierung Ihrer IT<\/li>\n<li data-start=\"1282\" data-end=\"1320\"><strong data-start=\"1282\" data-end=\"1318\">Benutzer- und Zugriffsverwaltung<\/strong><\/li>\n<li data-start=\"1323\" data-end=\"1382\"><strong data-start=\"1323\" data-end=\"1351\">Individuelle IT-Beratung<\/strong> bei Hard- und Softwarefragen<\/li>\n<\/ul>\n<p data-start=\"1384\" data-end=\"1443\">Unser Ziel: <strong data-start=\"1396\" data-end=\"1443\">Minimale Ausfallzeiten, maximale Effizienz.<\/strong><\/p>\n<h3 data-start=\"1450\" data-end=\"1487\"><strong data-start=\"1454\" data-end=\"1485\">EDV- und IT-Schulungen<\/strong><\/h3>\n<p data-start=\"1488\" data-end=\"1703\">Gut geschulte Mitarbeiter sind der Schl\u00fcssel zu einem erfolgreichen IT-Einsatz. Wir bieten praxisorientierte <strong data-start=\"1597\" data-end=\"1615\">EDV-Schulungen<\/strong> f\u00fcr Einsteiger und Fortgeschrittene \u2013 abgestimmt auf Ihre Branche und Ihr Systemumfeld.<\/p>\n<p data-start=\"1705\" data-end=\"1732\"><strong data-start=\"1705\" data-end=\"1732\">Unsere Schulungsthemen:<\/strong><\/p>\n<ul>\n<li data-start=\"1735\" data-end=\"1795\">Microsoft Office (Word, Excel, Outlook, Teams, PowerPoint)<\/li>\n<li data-start=\"1798\" data-end=\"1827\">IT-Sicherheit &amp; Netzwerkschutz<\/li>\n<li data-start=\"1830\" data-end=\"1877\">Digitale Zusammenarbeit und Cloud-Anwendungen<\/li>\n<li data-start=\"1880\" data-end=\"1912\">Grundlagen der Netzwerktechnik<\/li>\n<li data-start=\"1915\" data-end=\"1951\">Individuelle Workshops nach Bedarf<\/li>\n<\/ul>\n<p data-start=\"1953\" data-end=\"1985\"><strong data-start=\"1953\" data-end=\"1985\">Vorteile unserer Schulungen:<\/strong><\/p>\n<ul>\n<li data-start=\"1988\" data-end=\"2062\">Durchf\u00fchrung <strong data-start=\"2001\" data-end=\"2012\">vor Ort <\/strong>oder\u00a0<strong data-start=\"2014\" data-end=\"2024\">online<\/strong><\/li>\n<li data-start=\"2065\" data-end=\"2110\"><strong data-start=\"2065\" data-end=\"2083\">Kleine Gruppen<\/strong> f\u00fcr maximale Lernerfolge<\/li>\n<li data-start=\"2113\" data-end=\"2173\"><strong data-start=\"2113\" data-end=\"2138\">Zertifizierter Trainer<\/strong> mit langj\u00e4hriger Praxiserfahrung<\/li>\n<li data-start=\"2176\" data-end=\"2216\"><strong data-start=\"2176\" data-end=\"2216\">Unternehmensspezifische Lernkonzepte<\/strong><\/li>\n<\/ul>\n<h3 data-start=\"2223\" data-end=\"2248\"><strong data-start=\"2227\" data-end=\"2246\">Warum wir?<\/strong><\/h3>\n<ul>\n<li data-start=\"2251\" data-end=\"2281\">Pers\u00f6nlicher Ansprechpartner<\/li>\n<li data-start=\"2284\" data-end=\"2328\">Transparente Kosten und flexible Betreuung<\/li>\n<li data-start=\"2331\" data-end=\"2396\">Kombinierbare Leistungen: <strong data-start=\"2357\" data-end=\"2394\">EDV Beratung + Support + Schulung<\/strong><\/li>\n<li data-start=\"2399\" data-end=\"2461\">Mehr als 15 Jahre Erfahrung in IT-Service und Weiterbildung<\/li>\n<\/ul>\n<p data-start=\"2498\" data-end=\"2702\">\ud83d\ude80 <strong data-start=\"2501\" data-end=\"2542\">Jetzt Support oder Schulung anfragen!<\/strong><br data-start=\"2542\" data-end=\"2545\" \/>Kontaktieren Sie uns f\u00fcr ein unverbindliches Beratungsgespr\u00e4ch \u2013 wir erstellen ein individuelles Konzept f\u00fcr Ihr Unternehmen oder Ihre private IT-Umgebung.<\/p>\n<p data-start=\"2704\" data-end=\"2736\"><strong data-start=\"2705\" data-end=\"2726\">Kontakt aufnehmen<\/strong><\/p>\n","protected":false},"excerpt":{"rendered":"<p>\ud83e\udde9 Support &amp; Schulung EDV Support &amp; Schulung \u2013 Professionelle Hilfe und praxisnahe Weiterbildung IT-Systeme sollen zuverl\u00e4ssig funktionieren \u2013 und Sie sollen sicher damit arbeiten k\u00f6nnen. Unser EDV-Support und Schulungsangebot unterst\u00fctzt Unternehmen und Privatkunden dabei, Technik effizient einzusetzen, Probleme schnell zu l\u00f6sen und digitales Wissen nachhaltig zu st\u00e4rken. IT- und EDV-Support Ob Computer, Server, Netzwerk [&hellip;]<\/p>\n","protected":false},"author":1,"featured_media":0,"parent":0,"menu_order":0,"comment_status":"closed","ping_status":"closed","template":"","meta":{"footnotes":""},"class_list":["post-30","page","type-page","status-publish","hentry"],"yoast_head":"<!-- This site is optimized with the Yoast SEO plugin v27.4 - https:\/\/yoast.com\/product\/yoast-seo-wordpress\/ -->\n<title>Support und Schulung - EDV SaGo Media<\/title>\n<meta name=\"description\" content=\"Professioneller EDV-Support und praxisnahe IT-Schulungen f\u00fcr Unternehmen und Privatkunden. Schnelle Hilfe, individuelle Weiterbildung, kompetente Beratung.\" \/>\n<meta name=\"robots\" content=\"index, follow, max-snippet:-1, max-image-preview:large, max-video-preview:-1\" \/>\n<link rel=\"canonical\" href=\"https:\/\/edv.sago-media.de\/index.php\/support-und-schulung\/\" \/>\n<meta property=\"og:locale\" content=\"de_DE\" \/>\n<meta property=\"og:type\" content=\"article\" \/>\n<meta property=\"og:title\" content=\"Support und Schulung - EDV SaGo Media\" \/>\n<meta property=\"og:description\" content=\"Professioneller EDV-Support und praxisnahe IT-Schulungen f\u00fcr Unternehmen und Privatkunden. Schnelle Hilfe, individuelle Weiterbildung, kompetente Beratung.\" \/>\n<meta property=\"og:url\" content=\"https:\/\/edv.sago-media.de\/index.php\/support-und-schulung\/\" \/>\n<meta property=\"og:site_name\" content=\"EDV SaGo Media\" \/>\n<meta property=\"article:modified_time\" content=\"2025-11-07T14:03:10+00:00\" \/>\n<meta name=\"twitter:card\" content=\"summary_large_image\" \/>\n<meta name=\"twitter:label1\" content=\"Gesch\u00e4tzte Lesezeit\" \/>\n\t<meta name=\"twitter:data1\" content=\"2\u00a0Minuten\" \/>\n<script type=\"application\/ld+json\" class=\"yoast-schema-graph\">{\"@context\":\"https:\\\/\\\/schema.org\",\"@graph\":[{\"@type\":\"WebPage\",\"@id\":\"https:\\\/\\\/edv.sago-media.de\\\/index.php\\\/support-und-schulung\\\/\",\"url\":\"https:\\\/\\\/edv.sago-media.de\\\/index.php\\\/support-und-schulung\\\/\",\"name\":\"Support und Schulung - EDV SaGo Media\",\"isPartOf\":{\"@id\":\"https:\\\/\\\/edv.sago-media.de\\\/#website\"},\"datePublished\":\"2025-11-01T18:48:35+00:00\",\"dateModified\":\"2025-11-07T14:03:10+00:00\",\"description\":\"Professioneller EDV-Support und praxisnahe IT-Schulungen f\u00fcr Unternehmen und Privatkunden. Schnelle Hilfe, individuelle Weiterbildung, kompetente Beratung.\",\"breadcrumb\":{\"@id\":\"https:\\\/\\\/edv.sago-media.de\\\/index.php\\\/support-und-schulung\\\/#breadcrumb\"},\"inLanguage\":\"de\",\"potentialAction\":[{\"@type\":\"ReadAction\",\"target\":[\"https:\\\/\\\/edv.sago-media.de\\\/index.php\\\/support-und-schulung\\\/\"]}]},{\"@type\":\"BreadcrumbList\",\"@id\":\"https:\\\/\\\/edv.sago-media.de\\\/index.php\\\/support-und-schulung\\\/#breadcrumb\",\"itemListElement\":[{\"@type\":\"ListItem\",\"position\":1,\"name\":\"Startseite\",\"item\":\"https:\\\/\\\/edv.sago-media.de\\\/\"},{\"@type\":\"ListItem\",\"position\":2,\"name\":\"Support und Schulung\"}]},{\"@type\":\"WebSite\",\"@id\":\"https:\\\/\\\/edv.sago-media.de\\\/#website\",\"url\":\"https:\\\/\\\/edv.sago-media.de\\\/\",\"name\":\"EDV SaGo Media\",\"description\":\"\",\"potentialAction\":[{\"@type\":\"SearchAction\",\"target\":{\"@type\":\"EntryPoint\",\"urlTemplate\":\"https:\\\/\\\/edv.sago-media.de\\\/?s={search_term_string}\"},\"query-input\":{\"@type\":\"PropertyValueSpecification\",\"valueRequired\":true,\"valueName\":\"search_term_string\"}}],\"inLanguage\":\"de\"}]}<\/script>\n<!-- \/ Yoast SEO plugin. -->","yoast_head_json":{"title":"Support und Schulung - EDV SaGo Media","description":"Professioneller EDV-Support und praxisnahe IT-Schulungen f\u00fcr Unternehmen und Privatkunden. Schnelle Hilfe, individuelle Weiterbildung, kompetente Beratung.","robots":{"index":"index","follow":"follow","max-snippet":"max-snippet:-1","max-image-preview":"max-image-preview:large","max-video-preview":"max-video-preview:-1"},"canonical":"https:\/\/edv.sago-media.de\/index.php\/support-und-schulung\/","og_locale":"de_DE","og_type":"article","og_title":"Support und Schulung - EDV SaGo Media","og_description":"Professioneller EDV-Support und praxisnahe IT-Schulungen f\u00fcr Unternehmen und Privatkunden. Schnelle Hilfe, individuelle Weiterbildung, kompetente Beratung.","og_url":"https:\/\/edv.sago-media.de\/index.php\/support-und-schulung\/","og_site_name":"EDV SaGo Media","article_modified_time":"2025-11-07T14:03:10+00:00","twitter_card":"summary_large_image","twitter_misc":{"Gesch\u00e4tzte Lesezeit":"2\u00a0Minuten"},"schema":{"@context":"https:\/\/schema.org","@graph":[{"@type":"WebPage","@id":"https:\/\/edv.sago-media.de\/index.php\/support-und-schulung\/","url":"https:\/\/edv.sago-media.de\/index.php\/support-und-schulung\/","name":"Support und Schulung - EDV SaGo Media","isPartOf":{"@id":"https:\/\/edv.sago-media.de\/#website"},"datePublished":"2025-11-01T18:48:35+00:00","dateModified":"2025-11-07T14:03:10+00:00","description":"Professioneller EDV-Support und praxisnahe IT-Schulungen f\u00fcr Unternehmen und Privatkunden. Schnelle Hilfe, individuelle Weiterbildung, kompetente Beratung.","breadcrumb":{"@id":"https:\/\/edv.sago-media.de\/index.php\/support-und-schulung\/#breadcrumb"},"inLanguage":"de","potentialAction":[{"@type":"ReadAction","target":["https:\/\/edv.sago-media.de\/index.php\/support-und-schulung\/"]}]},{"@type":"BreadcrumbList","@id":"https:\/\/edv.sago-media.de\/index.php\/support-und-schulung\/#breadcrumb","itemListElement":[{"@type":"ListItem","position":1,"name":"Startseite","item":"https:\/\/edv.sago-media.de\/"},{"@type":"ListItem","position":2,"name":"Support und Schulung"}]},{"@type":"WebSite","@id":"https:\/\/edv.sago-media.de\/#website","url":"https:\/\/edv.sago-media.de\/","name":"EDV SaGo Media","description":"","potentialAction":[{"@type":"SearchAction","target":{"@type":"EntryPoint","urlTemplate":"https:\/\/edv.sago-media.de\/?s={search_term_string}"},"query-input":{"@type":"PropertyValueSpecification","valueRequired":true,"valueName":"search_term_string"}}],"inLanguage":"de"}]}},"jetpack_sharing_enabled":true,"_links":{"self":[{"href":"https:\/\/edv.sago-media.de\/index.php\/wp-json\/wp\/v2\/pages\/30","targetHints":{"allow":["GET"]}}],"collection":[{"href":"https:\/\/edv.sago-media.de\/index.php\/wp-json\/wp\/v2\/pages"}],"about":[{"href":"https:\/\/edv.sago-media.de\/index.php\/wp-json\/wp\/v2\/types\/page"}],"author":[{"embeddable":true,"href":"https:\/\/edv.sago-media.de\/index.php\/wp-json\/wp\/v2\/users\/1"}],"replies":[{"embeddable":true,"href":"https:\/\/edv.sago-media.de\/index.php\/wp-json\/wp\/v2\/comments?post=30"}],"version-history":[{"count":0,"href":"https:\/\/edv.sago-media.de\/index.php\/wp-json\/wp\/v2\/pages\/30\/revisions"}],"wp:attachment":[{"href":"https:\/\/edv.sago-media.de\/index.php\/wp-json\/wp\/v2\/media?parent=30"}],"curies":[{"name":"wp","href":"https:\/\/api.w.org\/{rel}","templated":true}]}}